{"id":995405,"date":"2022-08-25T14:35:26","date_gmt":"2022-08-25T12:35:26","guid":{"rendered":"https:\/\/www.maltaimmigration.eu\/dogrudan-yatirim-yoluyla-malta-vatandasligi\/"},"modified":"2024-05-29T08:36:19","modified_gmt":"2024-05-29T06:36:19","slug":"dogrudan-yatirim-yoluyla-malta-vatandasligi","status":"publish","type":"page","link":"https:\/\/www.maltaimmigration.eu\/tr\/dogrudan-yatirim-yoluyla-malta-vatandasligi\/","title":{"rendered":"Do\u011frudan Yat\u0131r\u0131m Yoluyla Malta Vatanda\u015fl\u0131\u011f\u0131"},"content":{"rendered":"<div class=\"row \"><div class=\"wpv-grid grid-1-1  wpv-first-level first unextended\" style=\"padding-top:0px;padding-bottom:0px\" id=\"wpv-column-e3fefdf5aaca3388832ea0deea9956fa\" ><h2>\u0130stisnai Hizmetler Kar\u015f\u0131l\u0131\u011f\u0131nda Vatanda\u015fl\u0131k Verilmesine \u0130li\u015fkin Y\u00f6netmelik<\/h2>\n<p>2020 tarihli 437 say\u0131l\u0131 Resmi Duyuru\u2019da, Malta Vatanda\u015fl\u0131k Yasas\u0131, B\u00f6l\u00fcm 188, Madde 10(9) uyar\u0131nca Malta&#8217;ya verilen istisnai hizmetler kar\u015f\u0131l\u0131\u011f\u0131nda vatanda\u015fl\u0131\u011fa kabul edilme ko\u015fullar\u0131n\u0131 belirlenmi\u015ftir. Malta H\u00fck\u00fcmeti, yat\u0131r\u0131m da dahil olmak \u00fczere \u00e7e\u015fitli yollarla Malta vatanda\u015fl\u0131\u011f\u0131 ba\u015fvurular\u0131n\u0131n idaresinden sorumlu olacak yeni bir devlet kurumu olan Community Malta&#8217;y\u0131 (Malta Toplulu\u011fu) kurmu\u015ftur.<\/p>\n<h2>\u0130stisnai Hizmetler Kar\u015f\u0131l\u0131\u011f\u0131nda Malta Vatanda\u015fl\u0131\u011f\u0131 i\u00e7in Gereken Yat\u0131r\u0131m \u015eartlar\u0131<\/h2>\n<p>Vatanda\u015fl\u0131k ba\u015fvurusunda bulunmadan \u00f6nce, ba\u015fvuru sahibi Malta&#8217;da ikamet etti\u011fi bir m\u00fclk\u00fcn tapusunu ibraz etmelidir. Bakanl\u0131\u011f\u0131n ba\u015fvuru sahibinin gerekli kriterleri kar\u015f\u0131lad\u0131\u011f\u0131na kanaat getirmesi halinde, ba\u015fvuru sahibi ilgili ba\u015fvuru formlar\u0131n\u0131 ve destekleyici belgeleri sunacakt\u0131r. Ba\u015fvuru sahibi, ikamet izni \u015fartlar\u0131n\u0131 yerine getirmeden vatanda\u015fl\u0131k ba\u015fvurusunda bulunamaz.<\/p>\n<h3>Ba\u015fvuru sahibinin a\u015fa\u011f\u0131da belirtilen belgeleri ibraz etmesi gerekmektedir:<\/h3>\n<p>\u2022 Ba\u015fvuru tarihinden \u00f6nce Malta&#8217;da en az otuz alt\u0131 (36) ay veya daha y\u00fcksek bir yat\u0131r\u0131m kar\u015f\u0131l\u0131\u011f\u0131nda (12) ay s\u00fcreyle ikamet etti\u011fine dair belgeler,<br \/>\n\u2022 Ba\u011fl\u0131l\u0131k yemininden itibaren en az be\u015f (5) y\u0131l s\u00fcreyle ge\u00e7erlili\u011fi korunacak olan, minimum 700.000 Avro de\u011ferinde bir gayrimenkul sat\u0131n alma veya y\u0131ll\u0131k minimum 16.000 Avro kira bedeli ile bir gayrimenkul kiralama taahh\u00fcd\u00fc,<br \/>\n\u2022 Vatanda\u015fl\u0131\u011fa kabul belgesi verilmeden \u00f6nce, hay\u0131r i\u015fleri, k\u00fclt\u00fcr, spor, bilim, hayvan haklar\u0131 veya sanat konular\u0131nda faaliyet g\u00f6steren, tescilli ve mevzuata uygun bir STK&#8217;ya veya derne\u011fe en az 10.000 Avro ba\u011f\u0131\u015fta bulunma taahh\u00fcd\u00fc,<br \/>\n\u2022 Ba\u015fvurunun 36 ayl\u0131k ikametten sonra yap\u0131lmas\u0131 halinde 600.000 Avro veya 12 ayl\u0131k ikametten sonra yap\u0131lmas\u0131 halinde 750.000 Avro tutar\u0131nda geri \u00f6demesiz yat\u0131r\u0131m yapma taahh\u00fcd\u00fc,<br \/>\n\u2022 Bakmakla y\u00fck\u00fcml\u00fc olunan her bir ki\u015fi i\u00e7in 50.000 Avro tutar\u0131nda geri \u00f6demesiz yat\u0131r\u0131m yapma taahh\u00fcd\u00fc.<br \/>\nBu belgelerin sunulmas\u0131n\u0131n ard\u0131ndan Kurum ba\u015fvuruyu de\u011ferlendirecek ve vatanda\u015fl\u0131ktan sorumlu Bakanl\u0131k&#8217;a bir rapor sunacakt\u0131r. Ba\u015fvurunun onaylanmas\u0131 halinde Community Malta Kurumu Ba\u015fvuru Sahibine bir Onay Mektubu verecektir. Ba\u015fvuru sahibinin onaydan itibaren alt\u0131 (6) ay i\u00e7inde s\u00fcreci tamamlamas\u0131 ve Ba\u011fl\u0131l\u0131k Yemini etmesi gerekecektir.<\/p>\n<h2>Aile \u00dcyelerinin Dahil Edilmesi<\/h2>\n<p>\u0130stisnai Hizmetler \u0130\u00e7in Vatanda\u015fl\u0131k Verilmesi Y\u00f6netmeli\u011fi uyar\u0131nca, vatanda\u015fl\u0131k ba\u015fvurusunda bulunan bir ki\u015fi en az on sekiz (18) ya\u015f\u0131nda olmal\u0131d\u0131r ve ba\u015fvurusuna a\u015fa\u011f\u0131daki ki\u015fileri dahil edebilir:<br \/>\n\u2022 Tek e\u015fli bir evlilikteki e\u015f veya resmi birliktelikler de dahil olmak \u00fczere evlilikle ayn\u0131 veya benzer durumdaki ba\u015fka bir ili\u015fkideki partner,<br \/>\n\u2022 As\u0131l ba\u015fvuru sahibinin veya e\u015finin, ba\u015fvurunun yap\u0131ld\u0131\u011f\u0131 tarihte hen\u00fcz on sekiz (18) ya\u015f\u0131n\u0131 doldurmam\u0131\u015f bir \u00e7ocu\u011fu veya evlat edinilmi\u015f \u00e7ocu\u011fu,<br \/>\n\u2022 Ba\u015fvurunun yap\u0131ld\u0131\u011f\u0131 tarihte on sekiz (18) ya\u015f\u0131n\u0131 doldurmu\u015f ancak hen\u00fcz yirmi dokuz (29) ya\u015f\u0131n\u0131 doldurmam\u0131\u015f olan, as\u0131l ba\u015fvuru sahibinin veya e\u015finin mali a\u00e7\u0131dan bakmakla y\u00fck\u00fcml\u00fc oldu\u011fu bek\u00e2r \u00e7ocu\u011fu,<br \/>\n\u2022 As\u0131l ba\u015fvuru sahibinin veya e\u015finin, mali a\u00e7\u0131dan bakmakla y\u00fck\u00fcml\u00fc oldu\u011fu elli be\u015f (55) ya\u015f\u0131n \u00fczerindeki ebeveyni veya b\u00fcy\u00fckanne ya da b\u00fcy\u00fckbabas\u0131<br \/>\n\u2022 As\u0131l ba\u015fvuru sahibinin veya e\u015finin, ba\u015fvuru s\u0131ras\u0131nda engelli birey olarak nitelendirilen \u00e7ocu\u011fu veya evlat edinilmi\u015f \u00e7ocu\u011fu.<br \/>\nBa\u015fvuru sahibi ve bakmakla y\u00fck\u00fcml\u00fc oldu\u011fu ki\u015filer, resmi olarak tan\u0131nan bir t\u0131p doktoru, klinik, hastane, t\u0131p veya sa\u011fl\u0131k enstit\u00fcs\u00fc taraf\u0131ndan usul\u00fcne uygun olarak doldurulmu\u015f ve onaylanm\u0131\u015f, ba\u015fvuru sahibinin ve bakmakla y\u00fck\u00fcml\u00fc oldu\u011fu ki\u015filerin sa\u011fl\u0131k durumlar\u0131n\u0131n yerinde oldu\u011funu, herhangi bir bula\u015f\u0131c\u0131 hastal\u0131klar\u0131 olmad\u0131\u011f\u0131n\u0131 ve Malta halk sa\u011fl\u0131\u011f\u0131 sistemine y\u00fck olma ihtimallerinin bulunmad\u0131\u011f\u0131n\u0131 g\u00f6steren bir sa\u011fl\u0131k raporu sunmal\u0131d\u0131r.<\/p>\n<h2>De\u011ferlendirme S\u00fcreci &#8211; Do\u011frudan Yat\u0131r\u0131m Yoluyla Malta Vatanda\u015fl\u0131\u011f\u0131<\/h2>\n<p>Ba\u015fvuru sahiplerinin uygunlu\u011funa ili\u015fkin de\u011ferlendirme ve do\u011frulama s\u00fcrecini Community Malta Kurumu y\u00f6netecektir. Kurum, her ba\u015fvuru sahibiyle ilgili olarak, bir veya daha fazla uluslararas\u0131 kabul g\u00f6rm\u00fc\u015f uzman de\u011ferlendirme hizmeti sa\u011flay\u0131c\u0131s\u0131 da dahil olmak \u00fczere \u00fc\u00e7\u00fcnc\u00fc taraflarca da de\u011ferlendirme kontrollerinin yap\u0131lmas\u0131n\u0131 sa\u011flayacakt\u0131r. S\u00f6z konusu de\u011ferlendirme kontrolleri, Kurumun zaman i\u00e7erisinde belirleyece\u011fi \u015fekilde d\u00f6rt (4) veya daha fazla a\u015famadan olu\u015facak ve bu kontrollere Veri Koruma mevzuat\u0131 do\u011frultusunda kolluk kuvvetleri taraf\u0131ndan ger\u00e7ekle\u015ftirilecek g\u00fcvenlik kontrolleri de dahil olacakt\u0131r.<br \/>\n\u0130stisnai yat\u0131r\u0131m kar\u015f\u0131l\u0131\u011f\u0131nda vatanda\u015fl\u0131k ba\u015fvurusu yap\u0131l\u0131rken a\u015fa\u011f\u0131daki de\u011ferlendirme s\u00fcreci \u00fccretlerinin \u00f6denmesi gerekmektedir:<\/p>\n<p>\u2022 15.000 \u20ac &#8211; As\u0131l Ba\u015fvuru Sahibi<br \/>\n\u2022 10.000 \u20ac &#8211; Bakmakla Y\u00fck\u00fcml\u00fc Olunan Her Bir Ki\u015fi<br \/>\n\u2022 15.000 \u20ac &#8211; Ba\u011f\u0131\u015f\u00e7\u0131 (varsa)<\/p>\n<h2>\u0130stisnai Hizmetler Kar\u015f\u0131l\u0131\u011f\u0131nda Malta Vatanda\u015fl\u0131\u011f\u0131na Uygunluk \u015eartlar\u0131<\/h2>\n<p>Ad\u0131 ge\u00e7en y\u00f6netmelik \u00e7er\u00e7evesinde, ba\u015fvuru sahipleri, a\u015fa\u011f\u0131daki durumlarda hak sahibi olacaklard\u0131r;<br \/>\n\u2022 Malta Cumhuriyeti&#8217;ne Ba\u011fl\u0131l\u0131k Yemini etmeyi taahh\u00fct ettiklerinde,<br \/>\n\u2022 Malta Cumhuriyeti&#8217;nin temel ve demokratik de\u011ferlerini savunmay\u0131 taahh\u00fct ettiklerinde,<br \/>\n\u2022 Malta toplumunu sosyal adalet ve e\u015fitlik ilkeleri do\u011frultusunda desteklemeyi taahh\u00fct ettiklerinde,<br \/>\n\u2022 Malta Cumhuriyeti&#8217;nin ekonomik ve sosyal kalk\u0131nmas\u0131na y\u00f6nelik istisnai ve do\u011frudan bir yat\u0131r\u0131m yoluyla Malta Cumhuriyeti&#8217;ne katk\u0131da bulunmay\u0131 taahh\u00fct ettiklerinde,<br \/>\n\u2022 Ba\u015fvuru sahibinin ve bakmakla y\u00fck\u00fcml\u00fc oldu\u011fu ki\u015filerin Malta vatanda\u015fl\u0131\u011f\u0131na sahip olmak i\u00e7in uygun ve ehil ki\u015filer oldu\u011funu beyan etmeyi taahh\u00fct ettiklerinde,<br \/>\n\u2022 Ba\u015fvuru sahibinin ve bakmakla y\u00fck\u00fcml\u00fc oldu\u011fu ki\u015filerin sa\u011fl\u0131k durumlar\u0131n\u0131n iyi oldu\u011funu, herhangi bir bula\u015f\u0131c\u0131 hastal\u0131klar\u0131 olmad\u0131\u011f\u0131n\u0131 ve Malta&#8217;n\u0131n halk sa\u011fl\u0131\u011f\u0131 sistemine y\u00fck olma ihtimallerinin bulunmad\u0131\u011f\u0131n\u0131 g\u00f6steren bir t\u0131bbi muayene raporu sunmay\u0131 taahh\u00fct ettiklerinde,<br \/>\n\u2022 Emniyet M\u00fcd\u00fcrl\u00fc\u011f\u00fc taraf\u0131ndan verilen sicil belgesini ibraz etmeyi taahh\u00fct ettiklerinde.<\/p>\n<h2>Uygun Bulunmama Gerek\u00e7eleri<\/h2>\n<p>Bir ki\u015fi a\u015fa\u011f\u0131da belirtilen durumlarda ad\u0131 ge\u00e7en y\u00f6netmelik kapsam\u0131nda ba\u015fvuruda bulunamaz:<br \/>\n\u2022 Ki\u015fi veya bakmakla y\u00fck\u00fcml\u00fc oldu\u011fu ki\u015filerden herhangi biri, su\u00e7lu bulunmu\u015f olsun veya olmas\u0131n, Uluslararas\u0131 Ceza Mahkemesi nezdinde bir su\u00e7la itham edilmi\u015fse veya herhangi bir tarihte Uluslararas\u0131 Ceza Mahkemesi nezdinde yarg\u0131lanm\u0131\u015fsa,<br \/>\n\u2022 Ki\u015finin veya bakmakla y\u00fck\u00fcml\u00fc oldu\u011fu ki\u015filerden herhangi birinin INTERPOL veya EUROPOL listesinde yer almas\u0131 durumunda,<br \/>\n\u2022 Ki\u015finin veya bakmakla y\u00fck\u00fcml\u00fc oldu\u011fu ki\u015filerden herhangi birinin Malta&#8217;n\u0131n ulusal g\u00fcvenli\u011fi, kamu politikas\u0131 veya halk sa\u011fl\u0131\u011f\u0131 i\u00e7in fiili veya potansiyel bir tehdit olu\u015fturmas\u0131 durumunda,<br \/>\n\u2022 Ki\u015fi veya bakmakla y\u00fck\u00fcml\u00fc oldu\u011fu ki\u015filerden herhangi biri ter\u00f6rizm, kara para aklama, ter\u00f6r\u00fcn finansman\u0131, insanl\u0131\u011fa kar\u015f\u0131 i\u015flenmi\u015f su\u00e7lar, sava\u015f su\u00e7lar\u0131, \u00e7ocuk istismar\u0131, ahlak d\u0131\u015f\u0131 davran\u0131\u015flar ve di\u011fer ciddi su\u00e7larla su\u00e7lanm\u0131\u015f veya su\u00e7lu bulunmu\u015fsa,<br \/>\n\u2022 Ki\u015fi veya bakmakla y\u00fck\u00fcml\u00fc oldu\u011fu ki\u015filerden herhangi biri, taksirli su\u00e7lar hari\u00e7 olmak \u00fczere, bir (1) y\u0131ldan fazla hapis cezas\u0131 gerektiren herhangi bir su\u00e7tan su\u00e7lu veya \u015f\u00fcpheli bulunmu\u015f veya hakk\u0131nda su\u00e7 duyurusunda bulunulmu\u015fsa,<br \/>\n\u2022 Ki\u015finin veya bakmakla y\u00fck\u00fcml\u00fc oldu\u011fu ki\u015filerden herhangi birinin Malta Cumhuriyeti&#8217;nin itibar\u0131n\u0131 zedeleyebilecek herhangi bir faaliyette bulunmas\u0131 veya bulunma ihtimalinin olmas\u0131 durumunda,<br \/>\n\u2022 Ki\u015fi veya bakmakla y\u00fck\u00fcml\u00fc oldu\u011fu ki\u015filerden herhangi biri, Malta&#8217;n\u0131n vizesiz seyahat d\u00fczenlemelerinin oldu\u011fu bir \u00fclkeye vize ba\u015fvurusu reddedilmi\u015fse ve daha sonra bu \u00fclkeden tekrar vize almam\u0131\u015fsa,<br \/>\n\u2022 Ki\u015finin veya bakmakla y\u00fck\u00fcml\u00fc oldu\u011fu ki\u015filerden herhangi birinin uluslararas\u0131 yapt\u0131r\u0131mlarda ad\u0131 ge\u00e7iyor veya s\u00f6z konusu ki\u015filer ilgili listelerde yer al\u0131yorsa,<br \/>\n\u2022 Ba\u015fvuru sahibinin yanl\u0131\u015f beyanda bulunmas\u0131 veya \u00f6nemli bilgileri gizlemesi halinde, ba\u015fvuru ask\u0131ya al\u0131nabilir ve ge\u00e7ersiz say\u0131labilir.<\/p>\n<h2>Kota<\/h2>\n<p>Do\u011frudan Yat\u0131r\u0131m Yoluyla \u0130stisnai Hizmetler Kar\u015f\u0131l\u0131\u011f\u0131nda Vatanda\u015fl\u0131\u011fa Kabul Edilen Malta Vatanda\u015fl\u0131\u011f\u0131 Belgelerinin say\u0131s\u0131 (bakmakla y\u00fck\u00fcml\u00fc olduklar\u0131 ki\u015filer hari\u00e7) y\u0131lda d\u00f6rt y\u00fcz\u00fc (400) ve y\u00f6netmelik s\u00fcresince toplamda 1.500&#8217;\u00fc ge\u00e7meyecektir.<br \/>\n<a href=\"https:\/\/www.maltaimmigration.eu\/contact-us\/\">B\u0130Z\u0130MLE I\u0307LETI\u0307\u015eI\u0307ME GE\u00c7I\u0307N<\/a><\/div><\/div>\n","protected":false},"excerpt":{"rendered":"<p>\u0130stisnai Hizmetler Kar\u015f\u0131l\u0131\u011f\u0131nda Vatanda\u015fl\u0131k Verilmesine \u0130li\u015fkin Y\u00f6netmelik 2020 tarihli 437 say\u0131l\u0131 Resmi Duyuru\u2019da, Malta Vatanda\u015fl\u0131k Yasas\u0131, B\u00f6l\u00fcm 188, Madde 10(9) uyar\u0131nca Malta&#8217;ya verilen istisnai hizmetler kar\u015f\u0131l\u0131\u011f\u0131nda vatanda\u015fl\u0131\u011fa kabul edilme ko\u015fullar\u0131n\u0131 belirlenmi\u015ftir. Malta H\u00fck\u00fcmeti, yat\u0131r\u0131m da dahil olmak \u00fczere \u00e7e\u015fitli yollarla Malta vatanda\u015fl\u0131\u011f\u0131 ba\u015fvurular\u0131n\u0131n idaresinden sorumlu olacak yeni bir devlet kurumu olan Community Malta&#8217;y\u0131 (Malta Toplulu\u011fu)&#8230;<\/p>\n","protected":false},"author":15,"featured_media":989093,"parent":0,"menu_order":0,"comment_status":"closed","ping_status":"closed","template":"","meta":{"footnotes":""},"class_list":["post-995405","page","type-page","status-publish","has-post-thumbnail","hentry"],"_links":{"self":[{"href":"https:\/\/www.maltaimmigration.eu\/tr\/wp-json\/wp\/v2\/pages\/995405","targetHints":{"allow":["GET"]}}],"collection":[{"href":"https:\/\/www.maltaimmigration.eu\/tr\/wp-json\/wp\/v2\/pages"}],"about":[{"href":"https:\/\/www.maltaimmigration.eu\/tr\/wp-json\/wp\/v2\/types\/page"}],"author":[{"embeddable":true,"href":"https:\/\/www.maltaimmigration.eu\/tr\/wp-json\/wp\/v2\/users\/15"}],"replies":[{"embeddable":true,"href":"https:\/\/www.maltaimmigration.eu\/tr\/wp-json\/wp\/v2\/comments?post=995405"}],"version-history":[{"count":0,"href":"https:\/\/www.maltaimmigration.eu\/tr\/wp-json\/wp\/v2\/pages\/995405\/revisions"}],"wp:featuredmedia":[{"embeddable":true,"href":"https:\/\/www.maltaimmigration.eu\/tr\/wp-json\/wp\/v2\/media\/989093"}],"wp:attachment":[{"href":"https:\/\/www.maltaimmigration.eu\/tr\/wp-json\/wp\/v2\/media?parent=995405"}],"curies":[{"name":"wp","href":"https:\/\/api.w.org\/{rel}","templated":true}]}}