{"id":994476,"date":"2022-08-25T14:38:08","date_gmt":"2022-08-25T12:38:08","guid":{"rendered":"https:\/\/www.maltaimmigration.eu\/permesso-di-residenza-a-malta\/"},"modified":"2023-05-11T16:04:07","modified_gmt":"2023-05-11T14:04:07","slug":"permesso-di-residenza-a-malta","status":"publish","type":"page","link":"https:\/\/www.maltaimmigration.eu\/it\/permesso-di-residenza-a-malta\/","title":{"rendered":"Permesso di residenza UE a Malta"},"content":{"rendered":"<div class=\"row \"><div class=\"wpv-grid grid-1-1  wpv-first-level first unextended\" style=\"padding-top:0px;padding-bottom:0px\" id=\"wpv-column-80f5d24299d3ad8bf0a01c14b9b7d769\" ><p>Malta, in quanto membro dell&#8217;Unione Europea, consente ai cittadini non maltesi di richiedere il permesso di residenza a Malta.<\/p>\n<h2>Permesso di residenza UE a Malta &#8211; Residenza ordinaria<\/h2>\n<p>I cittadini dell&#8217;UE, del SEE e della Svizzera ai sensi della legislazione dell&#8217;UE, cos\u00ec come incorporata nel diritto maltese, possono richiedere la residenza maltese se intendono risiedere a Malta per pi\u00f9 di 3 mesi. Il permesso di residenza ordinaria a Malta si ottiene attraverso tale procedura, con la quale la persona registra formalmente la propria presenza presso le autorit\u00e0 fiscali e di immigrazione locali.<\/p>\n<p>Nonostante sia il pi\u00f9 piccolo Stato membro dell&#8217;UE, ci sono svariate ragioni per cui i cittadini si trasferiscono a Malta, tra cui la solida economia del Paese, le bellezze naturali, <a href=\"https:\/\/www.maltaimmigration.eu\/why-malta\/personal-taxation-of-maltese-residents\/\">l\u2019alta qualit\u00e0 dell\u2019assistenza sanitaria<\/a> e dell&#8217;istruzione, una forza lavoro che parla inglese e <a href=\"https:\/\/www.maltaimmigration.eu\/why-malta\/personal-taxation-of-maltese-residents\/\">un regime fiscale vantaggioso<\/a>. Nel corso degli anni Malta ha attirato migliaia di espatriati che risiedono e lavorano sull&#8217;isola, e si ritiene che questo numero sia destinato a crescere.<\/p>\n<h2>Permesso di residenza UE a Malta: Base giuridica<\/h2>\n<p>Il diritto dei cittadini dell&#8217;UE di stabilirsi con la propria famiglia in un altro Paese dell&#8217;UE deriva dalla <a href=\"https:\/\/eur-lex.europa.eu\/eli\/dir\/2004\/38\/\">Direttiva 2004\/38\/CE<\/a> relativa al diritto dei cittadini dell&#8217;Unione e dei loro familiari di circolare e soggiornare liberamente nel territorio degli Stati membri. Lo scopo di questa direttiva \u00e8 quello di stabilire le condizioni per il diritto di libera circolazione e di imporre limiti a tali diritti per motivi di ordine pubblico, pubblica sicurezza o sanit\u00e0 pubblica. Inoltre, definisce lo status delle persone che esercitano un&#8217;attivit\u00e0 lavorativa subordinata o autonoma, degli studenti e dei cittadini disoccupati autosufficienti.<\/p>\n<h2>Permesso di residenza UE a Malta: Ammissibilit\u00e0<\/h2>\n<p>Il punto essenziale di questa direttiva consiste nel fatto che un cittadino dell&#8217;UE\/SEE o della Svizzera pu\u00f2 vivere in un altro Paese dell&#8217;UE per un massimo di 3 mesi senza alcuna condizione o formalit\u00e0, a parte l&#8217;obbligo di possedere una carta d&#8217;identit\u00e0 o un passaporto validi. Se una persona intende risiedere per pi\u00f9 di 3 mesi, \u00e8 necessario registrare la propria residenza.<\/p>\n<p>Il diritto di residenza in un altro Paese dell&#8217;UE si applica a:<\/p>\n<ul>\n<li>Persone che svolgono un&#8217;attivit\u00e0 lavorativa dipendente o autonoma<\/li>\n<li>Persone che sono economicamente autosufficienti<\/li>\n<li>Persone che stanno seguendo un corso di studi, compresa la formazione professionale<\/li>\n<\/ul>\n<p>Tale diritto si estende anche ai familiari di un cittadino dell&#8217;UE che soddisfa le condizioni di cui sopra.<\/p>\n<h2>Permesso di residenza UE a Malta: Familiari<\/h2>\n<p>La direttiva stabilisce che gli Stati membri rilascino una carta di residenza anche ai familiari di un cittadino dell&#8217;UE, sebbene questi ultimi siano cittadini non UE. La direttiva indica i familiari come segue:<\/p>\n<ul>\n<li>Il coniuge o il partner di un cittadino dell&#8217;UE<\/li>\n<li>I figli di et\u00e0 inferiore ai 21 anni che dipendono economicamente dal cittadino dell&#8217;UE<\/li>\n<li>Gli ascendenti diretti a carico<\/li>\n<\/ul>\n<p>Presentando la richiesta di residenza ordinaria a Malta, i familiari di cittadini non UE hanno il diritto di risiedere a Malta e di viaggiare all&#8217;interno dell&#8217;Area Schengen senza dover richiedere un visto.<\/p>\n<h2>Permesso di residenza UE a Malta: Requisito della propriet\u00e0 residenziale<\/h2>\n<p>Qualunque sia il criterio di ammissibilit\u00e0 applicato, il cittadino dell&#8217;UE \u00e8 comunque tenuto a possedere una propriet\u00e0 residenziale a Malta, che pu\u00f2 essere acquistata o affittata. In base alle norme sulla residenza ordinaria a Malta, la legislazione non stabilisce un valore minimo per il prezzo di affitto o di acquisto. Ulteriori informazioni <a href=\"https:\/\/www.maltaimmigration.eu\/why-malta\/\">sull\u2019affitto<\/a> o <a href=\"https:\/\/www.maltaimmigration.eu\/why-malta\/\">sull\u2019acquisto di una propriet\u00e0 a Malta<\/a>.<\/p>\n<h2>Permesso di residenza UE a Malta: Tassazione<\/h2>\n<p>Le persone che ottengono la residenza a Malta, ma non sono ritenute domiciliate, sono tassate in virt\u00f9 del principio della fonte e della rimessa. Una persona residente non domiciliata \u00e8 tassata sul reddito derivante da Malta e sul reddito estero, se questo reddito viene rimesso o utilizzato a Malta. Di conseguenza, i residenti in questo regime non sono tassati sui redditi della fonte estera non trasferiti a Malta, n\u00e9 su eventuali plusvalenze derivanti al di fuori di Malta.<\/p>\n<p>Nel 2018 \u00e8 stata introdotta una limitazione a questa regola, con l&#8217;introduzione di un&#8217;imposta minima annuale. In base a questo provvedimento, i residenti non domiciliati a Malta sono soggetti al pagamento di un&#8217;imposta minima annuale di 5.000 euro se guadagnano almeno 35.000 euro di reddito annuale al di fuori di Malta. Le aliquote fiscali applicabili alle persone sono progressive e comprese tra lo 0 e il 35%, a meno che la persona non richieda uno Status Fiscale Speciale al Commissioner for Revenue attraverso il suo Authorized Registered Mandatory (ARM), la cui richiesta \u00e8 soggetta ad alcune condizioni.<\/p>\n<p>\u00c8 opportuno sottolineare che il semplice possesso di una carta di residenza maltese rilasciata ai sensi della direttiva non comporta automaticamente lo status di residenza fiscale a Malta.\u00a0 Le persone che intendono stabilire la residenza fiscale maltese devono seguire i criteri di residenza fiscale.<\/p>\n<h2>Cosa possiamo fare in concreto?<\/h2>\n<p>In quanto societ\u00e0 di immigrazione maltese, il nostro team ha fornito assistenza a numerosi cittadini dell&#8217;UE e ai loro familiari per l&#8217;ottenimento della residenza UE a Malta e per la registrazione presso le autorit\u00e0 fiscali locali. Possiamo anche fornire assistenza per la presentazione delle dichiarazioni fiscali annuali, per la richiesta del permesso di residenza UE a Malta (residenza ordinaria) e per tutti gli aspetti del trasferimento a Malta.<\/div><\/div>\n","protected":false},"excerpt":{"rendered":"<p>Malta, in quanto membro dell&#8217;Unione Europea, consente ai cittadini non maltesi di richiedere il permesso di residenza a Malta. Permesso di residenza UE a Malta &#8211; Residenza ordinaria I cittadini dell&#8217;UE, del SEE e della Svizzera ai sensi della legislazione dell&#8217;UE, cos\u00ec come incorporata nel diritto maltese, possono richiedere la residenza maltese se intendono risiedere&#8230;<\/p>\n","protected":false},"author":15,"featured_media":993827,"parent":0,"menu_order":0,"comment_status":"closed","ping_status":"closed","template":"","meta":{"footnotes":""},"class_list":["post-994476","page","type-page","status-publish","has-post-thumbnail","hentry"],"_links":{"self":[{"href":"https:\/\/www.maltaimmigration.eu\/it\/wp-json\/wp\/v2\/pages\/994476","targetHints":{"allow":["GET"]}}],"collection":[{"href":"https:\/\/www.maltaimmigration.eu\/it\/wp-json\/wp\/v2\/pages"}],"about":[{"href":"https:\/\/www.maltaimmigration.eu\/it\/wp-json\/wp\/v2\/types\/page"}],"author":[{"embeddable":true,"href":"https:\/\/www.maltaimmigration.eu\/it\/wp-json\/wp\/v2\/users\/15"}],"replies":[{"embeddable":true,"href":"https:\/\/www.maltaimmigration.eu\/it\/wp-json\/wp\/v2\/comments?post=994476"}],"version-history":[{"count":0,"href":"https:\/\/www.maltaimmigration.eu\/it\/wp-json\/wp\/v2\/pages\/994476\/revisions"}],"wp:featuredmedia":[{"embeddable":true,"href":"https:\/\/www.maltaimmigration.eu\/it\/wp-json\/wp\/v2\/media\/993827"}],"wp:attachment":[{"href":"https:\/\/www.maltaimmigration.eu\/it\/wp-json\/wp\/v2\/media?parent=994476"}],"curies":[{"name":"wp","href":"https:\/\/api.w.org\/{rel}","templated":true}]}}