{"id":994496,"date":"2022-08-25T14:38:22","date_gmt":"2022-08-25T12:38:22","guid":{"rendered":"https:\/\/www.maltaimmigration.eu\/malta-das-residenzprogramm\/"},"modified":"2023-05-25T14:29:26","modified_gmt":"2023-05-25T12:29:26","slug":"malta-das-residenzprogramm","status":"publish","type":"page","link":"https:\/\/www.maltaimmigration.eu\/de\/malta-das-residenzprogramm\/","title":{"rendered":"Malta Das Residenzprogramm (TRP)"},"content":{"rendered":"<div class=\"row \"><div class=\"wpv-grid grid-1-1  wpv-first-level first unextended\" style=\"padding-top:0px;padding-bottom:0px\" id=\"wpv-column-16356c3dd6492ec28acd0392a9d431dc\" ><p>Das Residenzprogramm (TRP) ist ein spezielles Steuerstatusprogramm, das 2014 ins Leben gerufen wurde, um EU-, EWR- und Schweizer Staatsangeh\u00f6rige anzuziehen, die Interesse daran haben, einen steuerlichen Wohnsitz in Malta zu erwerben. Eine \u00e4hnliche Option f\u00fcr Nicht-EU-\/EWR-B\u00fcrger ist das Malta Global Residence Programm.<\/p>\n<h2>Basis for The Residence Programme<\/h2>\n<p>Ziel des Residenzprogramms (TRP) ist es, den Beg\u00fcnstigten einen besonderen Steuerstatus zu gew\u00e4hren, der mit einem reduzierten Steuersatz von 15 % auf alle nach Malta \u00fcberwiesenen ausl\u00e4ndischen Eink\u00fcnfte verbunden ist. Das maltesische Residenzprogramm (TRP) setzt voraus, dass eine wirtschaftlich selbst\u00e4ndige Person in Malta einen st\u00e4ndigen Wohnsitz in Form von erworbenem oder gemietetem Wohneigentum auf Malta oder Gozo unterh\u00e4lt. Auch muss der Antragsteller \u00fcber feste und ausreichende regelm\u00e4\u00dfige Eink\u00fcnfte verf\u00fcgen, um sich und die anspruchsberechtigten Familienmitglieder ohne Inanspruchnahme des maltesischen Sozialhilfesystems zu unterhalten.<\/p>\n<p>Au\u00dferdem hat der Antragsteller eine j\u00e4hrliche Mindeststeuer von 15.000 \u20ac und eine einmalige Verwaltungsgeb\u00fchr von 6.000 \u20ac zu entrichten.<\/p>\n<h2>Besteuerung im Rahmen des Residenzprogramms<\/h2>\n<p>In Malta ans\u00e4ssige Personen, die unter das TRP fallen, sind in Malta nicht steuerpflichtig f\u00fcr nicht nach Malta \u00fcberwiesene Eink\u00fcnfte aus dem Ausland und auch nicht f\u00fcr ausl\u00e4ndische Kapitalertr\u00e4ge, unabh\u00e4ngig davon, ob sie nach Malta \u00fcberwiesen werden oder nicht.<br \/>\nIn Malta ans\u00e4ssige Personen, die unter das TRP fallen, unterliegen einer pauschalen Besteuerung von 15 % auf in Malta bezogene Eink\u00fcnfte aus ausl\u00e4ndischen Quellen. Dieser Steuersatz gilt ab dem Jahr der Best\u00e4tigung des besonderen Steuerstatus\u00b4 bis zum Jahr der Beendigung des Status\u00b4, einschlie\u00dflich beider Jahre. Auf alle in Malta erzielten Eink\u00fcnfte wird ein Pauschalsatz von 35 % erhoben. Dazu geh\u00f6ren unter anderem aus einer lokalen Quelle stammende Bankzinsen, von einem lokalen Unternehmen bezogene Geh\u00e4lter oder Dividenden von einem in Malta eingetragenen Unternehmen.<br \/>\nBeg\u00fcnstigte des im Rahmen des Residenzprogramms gew\u00e4hrten besonderen Steuerstatus\u00b4 m\u00fcssen j\u00e4hrlich eine Mindeststeuer von f\u00fcnfzehntausend Euro (15.000 \u20ac) zahlen und eine j\u00e4hrliche Steuererkl\u00e4rung abgeben.<br \/>\nIm Rahmen des TRP profitieren Ans\u00e4ssige auch von Maltas Doppelbesteuerungsabkommen mit den meisten europ\u00e4ischen L\u00e4ndern, die sicherstellen, dass f\u00fcr das selbe Einkommen niemals zweimal Steuern gezahlt werden.<\/p>\n<p>EU- und EWR-B\u00fcrger, die keine wesentlichen \u00dcberweisungen ausl\u00e4ndischer Eink\u00fcnfte planen, k\u00f6nnen eine maltesische Aufenthaltskarte beantragen, ohne den besonderen Steuerstatus zu beantragen, der nur TRP-Beg\u00fcnstigten gew\u00e4hrt wird. In solchem Falle und je nach Aufenthaltsstatus der Person gelten die \u00fcblichen progressiven Steuers\u00e4tze und ist keine j\u00e4hrliche Mindeststeuer zu entrichten, was im Allgemeinen eine niedrigere Steuerschuld ergibt.<br \/>\nEs folgt eine Zusammenfassung des f\u00fcr den Aufenthalt in Malta g\u00fcltigen Steuersystems im Rahmen dieses Residenzprogramms.<\/p>\n<h2>Zusammenfassung der Steuervorschriften f\u00fcr den Wohnsitz in Malta<\/h2>\n<table width=\"570\">\n<tbody>\n<tr>\n<td width=\"406\"><strong>Steuerbasis<\/strong><\/td>\n<td width=\"164\"><strong>Lokale Quelle, \u00dcberweisung<\/strong><\/td>\n<\/tr>\n<tr>\n<td><strong>Steuersatz f\u00fcr nach Malta \u00fcberwiesene ausl\u00e4ndische Eink\u00fcnfte<\/strong><\/td>\n<td>15%<\/td>\n<\/tr>\n<tr>\n<td><strong>Steuer auf Kapitalertr\u00e4ge au\u00dferhalb Maltas<\/strong><\/td>\n<td>Null<\/td>\n<\/tr>\n<tr>\n<td><strong>Steuersatz f\u00fcr lokale pers\u00f6nliche, gesch\u00e4ftliche und Investitionseink\u00fcnfte<\/strong><\/td>\n<td>35%<\/td>\n<\/tr>\n<tr>\n<td><strong>Mindeststeuer (pro Familie)<\/strong><\/td>\n<td>\u20ac 15,00<\/td>\n<\/tr>\n<tr>\n<td><strong>Besteuerung pro unterhaltsberechtigte Person<\/strong><\/td>\n<td>Null<\/td>\n<\/tr>\n<tr>\n<td><strong>Doppelbesteuerungsabkommen<\/strong><\/td>\n<td>Erleichterung anwendbar<\/td>\n<\/tr>\n<tr>\n<td><strong>Besteuerung pro Angeh\u00f6rigen<\/strong><\/td>\n<td>Null<\/td>\n<\/tr>\n<tr>\n<td><strong>Steuerliche Ans\u00e4ssigkeitsbescheinigung<\/strong><\/td>\n<td>Verfahren verf\u00fcgbar<\/td>\n<\/tr>\n<tr>\n<td><strong>Erbschaftssteuer<\/strong><\/td>\n<td>Keine<\/td>\n<\/tr>\n<\/tbody>\n<\/table>\n<p>Antr\u00e4ge im Rahmen des Residenzprogramms k\u00f6nnen von Staatsangeh\u00f6rigen der EU, des EWR und der Schweiz gestellt werden. Ein Antrag kann den Hauptantragsteller, seinen Ehegatten, finanziell abh\u00e4ngige Verwandte in aufsteigender Linie und andere familienfremde und abh\u00e4ngige Verwandte, die bona fide zum Haushalt geh\u00f6ren, umfassen. Kinder unter 25 Jahren sind automatisch eingeschlossen.<br \/>\nDie Antragsteller m\u00fcssen nachweisen, dass sie finanziell unabh\u00e4ngig sind und \u00fcber einen g\u00fcltigen Krankenversicherungsschutz verf\u00fcgen. Der Antragsteller muss au\u00dferdem ein polizeiliches F\u00fchrungszeugnis vorlegen, das fr\u00fchestens sechs Monate vor dem Datum der Antragstellung ausgestellt wurde, und eidesstattlich versichern, dass gegen ihn kein Zivil- oder Strafverfahren anh\u00e4ngig ist.<br \/>\nF\u00fcr die Beantragung eines besonderen Steuerstatus im Rahmen des Residenzprogramms ist eine nicht erstattungsf\u00e4hige Geb\u00fchr zu entrichten. Diese Verwaltungsgeb\u00fchr betr\u00e4gt 6.000 \u20ac, es sei denn, das zugelassene Wohneigentum befindet sich im S\u00fcden Maltas; in diesem Fall betr\u00e4gt die Verwaltungsgeb\u00fchr 5.500 \u20ac.<br \/>\nInnerhalb von 12 Monaten nach Aufnahme des Aufenthalts im Rahmen des Residenzprogramms muss der Inhaber der Aufenthaltserlaubnis die Bedingung erf\u00fcllen, eine Immobilie in Malta zu erwerben oder zu mieten. Die Antragsteller m\u00fcssen nachweisen, dass ihnen eine Adresse in Malta zur Verf\u00fcgung steht, indem sie eine Immobilie in Malta kaufen oder mieten.<\/p>\n<p>Antragsteller, die sich im Rahmen des TRP bewerben, m\u00fcssen einen Mindestwert von 275.000 \u20ac f\u00fcr den Erwerb von Eigentum auf Malta und 220.000 \u20ac f\u00fcr den Erwerb von Eigentum auf Gozo und in der s\u00fcdlichen Region Maltas erf\u00fcllen. Die Antragsteller haben auch die M\u00f6glichkeit, eine Immobilie in Malta f\u00fcr 9.600 \u20ac Jahresmiete oder eine Immobilie in Gozo oder der s\u00fcdlichen Region Maltas f\u00fcr 8.750 \u20ac Jahresmiete zu mieten.<br \/>\nEs ist wichtig zu beachten, dass au\u00dfer dem Antragsteller und seinen Angeh\u00f6rigen keine weiteren Personen in der f\u00f6rderf\u00e4higen Immobilie wohnen d\u00fcrfen und dass die f\u00f6rderf\u00e4hige Immobilie nicht vermietet oder untervermietet werden darf.<\/p>\n<p>Es folgt eine Zusammenfassung der Bestimmungen des Programms \u00fcber die Anspruchsberechtigung von Antragstellern. <strong>.<\/strong><\/p>\n<h2>Zusammenfassung des Malta Residenzprogramms<\/h2>\n<table width=\"570\">\n<tbody>\n<tr>\n<td width=\"406\"><strong>Berechtigt zur Aufnahme in den Antrag: <\/strong><\/td>\n<td width=\"164\"><\/td>\n<\/tr>\n<tr>\n<td><strong>Ehegatte des Hauptantragstellers<\/strong><\/td>\n<td>Ja<\/td>\n<\/tr>\n<tr>\n<td><strong>Angeh\u00f6rige <\/strong><\/td>\n<td>&lt; 25 Jahre<\/td>\n<\/tr>\n<tr>\n<td><strong>Nicht-Familienangeh\u00f6rige<\/strong><\/td>\n<td>Ermessenssache<\/td>\n<\/tr>\n<tr>\n<td><strong>Besteuerung pro Unterhaltsberechtigten<\/strong><\/td>\n<td>Null<\/td>\n<\/tr>\n<tr>\n<td><strong>Mindestpreis f\u00fcr Wohneigentum \/ Jahresmiete Malta:<\/strong><\/td>\n<td><\/td>\n<\/tr>\n<tr>\n<td><strong>Malta:\u00a0<\/strong><\/td>\n<td>275.000 \u20ac \/ 9.600 \u20ac<\/td>\n<\/tr>\n<tr>\n<td><strong>S\u00fcdliche Region von Malta, Gozo:<\/strong><\/td>\n<td>220.000 \u20ac \/ 8.750 \u20ac<\/td>\n<\/tr>\n<tr>\n<td><strong>Krankenversicherungsschutz<\/strong><\/td>\n<td>Erforderlich<\/td>\n<\/tr>\n<\/tbody>\n<\/table>\n<h2>Das Residenzprogramm: Die Regeln<\/h2>\n<p>Inhaber einer Aufenthaltsgenehmigung d\u00fcrfen sich pro Jahr nicht l\u00e4nger als 183 Tage in einem anderen Land aufhalten. Das Programm sieht keine Formalit\u00e4ten f\u00fcr den Nachweis eines Mindestaufenthalts vor. Einwohner m\u00fcssen au\u00dferdem eine g\u00fcltige Krankenversicherung f\u00fcr alle EU-Risiken einschlie\u00dflich Malta nachweisen.<\/p>\n<p>Das Residenzprogramm unterliegt den folgenden Bedingungen:<\/p>\n<h2>Aufenthaltserlaubnis Bedingungen<\/h2>\n<table style=\"height: 143px;\" width=\"461\">\n<tbody>\n<tr>\n<td width=\"362\"><strong>Maltesischer Wohnsitz<\/strong><\/td>\n<td width=\"64\">Nicht erlaubt<\/td>\n<\/tr>\n<tr>\n<td><strong>Maximaler Aufenthalt in anderen L\u00e4ndern<\/strong><\/td>\n<td>&lt; 183 Tage<\/td>\n<\/tr>\n<tr>\n<td><strong>Besch\u00e4ftigung, Gesch\u00e4ft, B\u00fcro in Malta<\/strong><\/td>\n<td>erlaubt<\/td>\n<\/tr>\n<\/tbody>\n<\/table>\n<h2>Das Residenzprogramm Antr\u00e4ge<\/h2>\n<p>TRP-Antr\u00e4ge sind bei der International Tax Unit (Abteilung Internationale Steuern) durch von der maltesischen Regierung zugelassene registrierte Mandatare (Authorised Registered Mandatories \/ ARM) einzureichen, die von der maltesischen Regierung erm\u00e4chtigt sind, Antr\u00e4ge zu bearbeiten und als Bindeglied zwischen dem Antragsteller und den maltesischen Beh\u00f6rden zu fungieren. Unsere Einwanderungsfirma ist von den maltesischen Einwanderungs- und Steuerbeh\u00f6rden nach maltesischem Recht als zugelassenes Mandatar registriert. Unter der Leitung von Dr. Priscilla Mifsud Parker ist unser erfolgreiches Team f\u00fcr Einwanderungs- und Umzugsrecht die \u00e4lteste spezialisierte Anwaltskanzlei f\u00fcr Einwanderungsrecht in Malta. Wir haben erfolgreich Einzelpersonen und Familien vertreten, von im Ausland lebenden Rentnern, arbeitssuchenden Auswanderern und Antragstellern einer Arbeitserlaubnis bis hin zu verm\u00f6genden Personen, die auf der Forbes-Liste stehen.<\/p>\n<p>Wir sind in der Lage, Sie \u00fcber die steuerlichen und rechtlichen Auswirkungen und Anforderungen des Antragsverfahrens f\u00fcr eine Aufenthaltsgenehmigung in Malta zu beraten und den voraussichtlichen Zeitrahmen auf der Grundlage der spezifischen Umst\u00e4nde und der Art Ihres Antrags anzugeben. Wir beraten Sie zu den im Rahmen der verschiedenen Residenzprogramme geltenden Regeln f\u00fcr die Einwanderung nach Malta und bieten Ihnen praktische Unterst\u00fctzung bei der Umsiedlung &#8211; von Transport und Versicherung bis hin zu Schulbildung und Krankenversicherungsschutz.<\/div><\/div>\n<div class=\"row \"><div class=\"wpv-grid grid-1-1  wpv-first-level first unextended\" style=\"padding-top:0px;padding-bottom:0px\" id=\"wpv-column-acf8d59508b939afa658f6e806465172\" ><p style=\"text-align: center;\"><a class=\"button2\" href=\"\/contact-us\/\">NEHMEN SIE KONTAKT AUF<\/a><\/div><\/div>\n","protected":false},"excerpt":{"rendered":"<p>Das Residenzprogramm (TRP) ist ein spezielles Steuerstatusprogramm, das 2014 ins Leben gerufen wurde, um EU-, EWR- und Schweizer Staatsangeh\u00f6rige anzuziehen, die Interesse daran haben, einen steuerlichen Wohnsitz in Malta zu erwerben. Eine \u00e4hnliche Option f\u00fcr Nicht-EU-\/EWR-B\u00fcrger ist das Malta Global Residence Programm. Basis for The Residence Programme Ziel des Residenzprogramms (TRP) ist es, den Beg\u00fcnstigten&#8230;<\/p>\n","protected":false},"author":15,"featured_media":0,"parent":0,"menu_order":0,"comment_status":"closed","ping_status":"closed","template":"","meta":{"footnotes":""},"class_list":["post-994496","page","type-page","status-publish","hentry"],"_links":{"self":[{"href":"https:\/\/www.maltaimmigration.eu\/de\/wp-json\/wp\/v2\/pages\/994496","targetHints":{"allow":["GET"]}}],"collection":[{"href":"https:\/\/www.maltaimmigration.eu\/de\/wp-json\/wp\/v2\/pages"}],"about":[{"href":"https:\/\/www.maltaimmigration.eu\/de\/wp-json\/wp\/v2\/types\/page"}],"author":[{"embeddable":true,"href":"https:\/\/www.maltaimmigration.eu\/de\/wp-json\/wp\/v2\/users\/15"}],"replies":[{"embeddable":true,"href":"https:\/\/www.maltaimmigration.eu\/de\/wp-json\/wp\/v2\/comments?post=994496"}],"version-history":[{"count":0,"href":"https:\/\/www.maltaimmigration.eu\/de\/wp-json\/wp\/v2\/pages\/994496\/revisions"}],"wp:attachment":[{"href":"https:\/\/www.maltaimmigration.eu\/de\/wp-json\/wp\/v2\/media?parent=994496"}],"curies":[{"name":"wp","href":"https:\/\/api.w.org\/{rel}","templated":true}]}}