{"id":994479,"date":"2022-08-25T14:38:08","date_gmt":"2022-08-25T12:38:08","guid":{"rendered":"https:\/\/www.maltaimmigration.eu\/malta-eu-aufenthaltserlaubnis\/"},"modified":"2023-05-11T16:07:47","modified_gmt":"2023-05-11T14:07:47","slug":"malta-eu-aufenthaltserlaubnis","status":"publish","type":"page","link":"https:\/\/www.maltaimmigration.eu\/de\/malta-eu-aufenthaltserlaubnis\/","title":{"rendered":"Malta EU-Aufenthaltserlaubnis"},"content":{"rendered":"<div class=\"row \"><div class=\"wpv-grid grid-1-1  wpv-first-level first unextended\" style=\"padding-top:0px;padding-bottom:0px\" id=\"wpv-column-2f07222783974f0dc4fbf551f6e28561\" ><p>Als Mitglied der Europ\u00e4ischen Union gew\u00e4hrt Malta Nicht-Maltesern verschiedene M\u00f6glichkeiten, einen Wohnsitz in Malta zu beantragen.<\/p>\n<h2>Malta EU-Aufenthaltserlaubnis &#8211; Gew\u00f6hnlicher Aufenthalt<\/h2>\n<p>Staatsangeh\u00f6rige der EU, des EWR und der Schweiz k\u00f6nnen gem\u00e4\u00df der in das maltesische Recht \u00fcbernommenen Gesetzgebung der EU eine maltesische Aufenthaltserlaubnis beantragen, beabsichtigen sie, sich l\u00e4nger als 3 Monate in Malta aufzuhalten. Maltas gew\u00f6hnliche Aufenthaltserlaubnis ist auf diesem Weg zu erreichen, dass eine Person ihre Anwesenheit bei den \u00f6rtlichen Einwanderungs- und Steuerbeh\u00f6rden f\u00f6rmlich anmeldet.<\/p>\n<p>Obwohl Malta der kleinste EU-Mitgliedstaat ist, gibt es eine Reihe von Gr\u00fcnden, warum Menschen nach Malta ziehen, darunter die starke Wirtschaft des Landes, seine nat\u00fcrliche Sch\u00f6nheit, die hohe Qualit\u00e4t des Gesundheits- und Bildungswesens, englischsprachige Arbeitskr\u00e4fte und ein g\u00fcnstiges Steuersystem. Im Laufe der Jahre hat Malta tausende Auswanderer angezogen, die auf der Insel leben und arbeiten, und es wird erwartet, dass ihre Zahl weiter steigen wird.<\/p>\n<h2>Malta EU-Aufenthaltserlaubnis: Rechtliche Grundlage<\/h2>\n<p>Das Recht von EU-Staatsangeh\u00f6rigen, sich und ihre Familie in einem anderen EU-Land niederzulassen, geht zur\u00fcck auf die <u>Richtlinie 2004\/38\/EG<\/u> zum Recht der B\u00fcrger der Union und ihrer Familienangeh\u00f6rigen, sich im Hoheitsgebiet der Mitgliedstaaten frei zu bewegen und aufzuhalten. Ziel dieser Richtlinie ist es, die Bedingungen f\u00fcr das Recht auf Freiz\u00fcgigkeit festzulegen und diesen Rechten Grenzen aufzuerlegen aus Gr\u00fcnden der \u00f6ffentlichen Ordnung, der \u00f6ffentlichen Sicherheit oder der \u00f6ffentlichen Gesundheit. Au\u00dferdem kl\u00e4rt sie den Status von Arbeitnehmern, Selbstst\u00e4ndigen, Studenten und arbeitslosen Staatsangeh\u00f6rigen, die sich selbst versorgen.<\/p>\n<p>Malta EU-Aufenthaltserlaubnis: Berechtigung<br \/>\nDas Wesentliche an dieser Richtlinie ist, dass ein EU\/EWR- oder Schweizer Staatsangeh\u00f6riger bis zu drei Monate in einem anderen EU-Land leben kann, ohne irgendwelche Bedingungen oder Formalit\u00e4ten erf\u00fcllen zu m\u00fcssen, abgesehen von der Anforderung, einen g\u00fcltigen Personalausweis oder Reisepass zu besitzen. Beabsichtigt eine Person, sich l\u00e4nger als 3 Monate aufzuhalten, muss sie ihren Wohnsitz anmelden.<br \/>\nDas Recht auf Aufenthalt in einem anderen EU-Land gilt f\u00fcr:<\/p>\n<ul>\n<li>Personen, die abh\u00e4ngig oder selbst\u00e4ndig erwerbst\u00e4tig sind<\/li>\n<li>Personen, die sich wirtschaftlich selbst versorgen.<\/li>\n<li>Personen, die ein Studium einschlie\u00dflich einer Berufsausbildung absolvieren.<\/li>\n<\/ul>\n<p>Dieses Recht gilt auch f\u00fcr Familienangeh\u00f6rige von EU-B\u00fcrgern, die die oben genannten Bedingungen erf\u00fcllen.<\/p>\n<h2>Malta EU-Aufenthaltserlaubnis: Familienangeh\u00f6rige<\/h2>\n<p>Die Richtlinie sieht vor, dass die Mitgliedstaaten auch den Familienangeh\u00f6rigen eines EU-B\u00fcrgers eine Aufenthaltskarte ausstellen, selbst wenn es sich um Nicht-EU-B\u00fcrger handelt. Die Richtlinie definiert Familienangeh\u00f6rige als:<\/p>\n<ul>\n<li>Der Ehegatte oder Partner eines EU-B\u00fcrgers<\/li>\n<li>Kinder unter 21 Jahren, die von dem EU-B\u00fcrger wirtschaftlich abh\u00e4ngig sind<\/li>\n<li>abh\u00e4ngige direkte Verwandte in aufsteigender Linie<\/li>\n<\/ul>\n<p>Durch die Beantragung eines gew\u00f6hnlichen Aufenthalts in Malta erhalten Nicht-EU-Familienangeh\u00f6rige das Recht, sich in Malta aufzuhalten und innerhalb des Schengen-Raums zu reisen, ohne ein Visum zu ben\u00f6tigen.<\/p>\n<h2>Malta EU-Aufenthaltserlaubnis: Erfordernis von Wohneigentum<\/h2>\n<p>Unabh\u00e4ngig davon, welche Kriterien f\u00fcr die Erteilung der Aufenthaltserlaubnis gelten, muss der EU-B\u00fcrger \u00fcber eine Wohnimmobilie in Malta verf\u00fcgen, die entweder gekauft oder gemietet sein kann. Die maltesischen Verordnungen f\u00fcr den gew\u00f6hnlichen Aufenthalt legen keinen Mindestwert f\u00fcr den Miet- oder Kaufpreis fest. Lesen Sie mehr \u00fcber das <u>Mieten in Malta<\/u> oder den <u>Kauf einer Immobilie<\/u>.<\/p>\n<h2>Malta EU-Aufenthaltserlaubnis f\u00fcr Malta: Besteuerung<\/h2>\n<p>Personen, die eine Aufenthaltsgenehmigung in Malta erhalten, aber nicht als beheimatet gelten, werden nach dem Quellen- und \u00dcberweisungsprinzip besteuert. Eine sich aufhaltende Person ohne Wohnsitz wird mit dem in Malta erzielten Einkommen und dem ausl\u00e4ndischen Einkommen besteuert, wenn dieses Einkommen nach Malta \u00fcberwiesen oder dort verwendet wird. Dementsprechend werden Ans\u00e4ssige gem\u00e4\u00df dieser Regelung weder auf Eink\u00fcnfte aus nicht nach Malta \u00fcberwiesenen ausl\u00e4ndischen Quellen besteuert noch auf au\u00dferhalb Maltas entstehende Kapitalgewinne.<\/p>\n<p>Im Jahr 2018 wurde diese Regelung durch Einf\u00fchrung einer j\u00e4hrlichen Mindeststeuer eingeschr\u00e4nkt. Im Rahmen dieser Entwicklung haben sich in Malta aufhaltende Personen ohne Wohnsitz eine j\u00e4hrliche Mindeststeuer von 5.000 \u20ac zu entrichten, erzielen sie au\u00dferhalb Maltas ein Jahreseinkommen von mindestens 35.000 \u20ac. F\u00fcr Personen gelten progressive Steuers\u00e4tze zwischen 0 und 35 %, es sei denn, die Person beantragt beim Finanzamt \u00fcber seinen zugelassenen registrierten Mandatar (Authorized Registered Mandatory \/ ARM) einen besonderen Steuerstatus, der an einige wenige Bedingungen gekn\u00fcpft ist.<\/p>\n<p>Anzumerken ist, dass der blo\u00dfe Besitz einer im Rahmen der Richtlinie ausgestellten maltesischen Aufenthaltskarte nicht automatisch zu einem Aufenthaltsstatus f\u00fcr Steuerzwecke in Malta f\u00fchrt.\u00a0 Personen, die einen steuerlichen Wohnsitz in Malta begr\u00fcnden wollen, sollten die Kriterien f\u00fcr den steuerlichen Wohnsitz beachten.<\/p>\n<h2>Wie k\u00f6nnen wir Ihnen behilflich sein?<\/h2>\n<p>Als maltesische Einwanderungsfirma hat unser Team zahlreichen EU-B\u00fcrgern und ihren Familienangeh\u00f6rigen geholfen, einen EU-Aufenthalt in Malta zu erhalten und sich bei den \u00f6rtlichen Steuerbeh\u00f6rden anzumelden. Wir k\u00f6nnen auch bei der Abgabe der j\u00e4hrlichen Steuererkl\u00e4rungen, der Beantragung der maltesischen EU-Aufenthaltserlaubnis (Gew\u00f6hnlicher Aufenthalt) und bei allen Aspekten des Umzugs nach Malta helfen.<\/div><\/div>\n","protected":false},"excerpt":{"rendered":"<p>Als Mitglied der Europ\u00e4ischen Union gew\u00e4hrt Malta Nicht-Maltesern verschiedene M\u00f6glichkeiten, einen Wohnsitz in Malta zu beantragen. Malta EU-Aufenthaltserlaubnis &#8211; Gew\u00f6hnlicher Aufenthalt Staatsangeh\u00f6rige der EU, des EWR und der Schweiz k\u00f6nnen gem\u00e4\u00df der in das maltesische Recht \u00fcbernommenen Gesetzgebung der EU eine maltesische Aufenthaltserlaubnis beantragen, beabsichtigen sie, sich l\u00e4nger als 3 Monate in Malta aufzuhalten. Maltas&#8230;<\/p>\n","protected":false},"author":15,"featured_media":993826,"parent":0,"menu_order":0,"comment_status":"closed","ping_status":"closed","template":"","meta":{"footnotes":""},"class_list":["post-994479","page","type-page","status-publish","has-post-thumbnail","hentry"],"_links":{"self":[{"href":"https:\/\/www.maltaimmigration.eu\/de\/wp-json\/wp\/v2\/pages\/994479","targetHints":{"allow":["GET"]}}],"collection":[{"href":"https:\/\/www.maltaimmigration.eu\/de\/wp-json\/wp\/v2\/pages"}],"about":[{"href":"https:\/\/www.maltaimmigration.eu\/de\/wp-json\/wp\/v2\/types\/page"}],"author":[{"embeddable":true,"href":"https:\/\/www.maltaimmigration.eu\/de\/wp-json\/wp\/v2\/users\/15"}],"replies":[{"embeddable":true,"href":"https:\/\/www.maltaimmigration.eu\/de\/wp-json\/wp\/v2\/comments?post=994479"}],"version-history":[{"count":0,"href":"https:\/\/www.maltaimmigration.eu\/de\/wp-json\/wp\/v2\/pages\/994479\/revisions"}],"wp:featuredmedia":[{"embeddable":true,"href":"https:\/\/www.maltaimmigration.eu\/de\/wp-json\/wp\/v2\/media\/993826"}],"wp:attachment":[{"href":"https:\/\/www.maltaimmigration.eu\/de\/wp-json\/wp\/v2\/media?parent=994479"}],"curies":[{"name":"wp","href":"https:\/\/api.w.org\/{rel}","templated":true}]}}